{"id":5316,"date":"2019-12-13T17:11:10","date_gmt":"2019-12-13T13:41:10","guid":{"rendered":"https:\/\/elementiranco.com\/about-elementiran\/"},"modified":"2024-10-08T16:11:00","modified_gmt":"2024-10-08T12:41:00","slug":"about-elementiran","status":"publish","type":"page","link":"https:\/\/elementiranco.com\/tr\/about-elementiran\/","title":{"rendered":"Hakk\u0131m\u0131zda"},"content":{"rendered":"\t\t<div data-elementor-type=\"wp-page\" data-elementor-id=\"5316\" class=\"elementor elementor-5316 elementor-3422\" data-elementor-post-type=\"page\">\n\t\t\t\t\t\t<section class=\"elementor-section elementor-top-section elementor-element elementor-element-e8063a3 elementor-section-content-middle elementor-section-boxed elementor-section-height-default elementor-section-height-default\" data-id=\"e8063a3\" data-element_type=\"section\" data-settings=\"{&quot;background_background&quot;:&quot;gradient&quot;}\">\n\t\t\t\t\t\t<div class=\"elementor-container elementor-column-gap-default\">\n\t\t\t\t\t<div class=\"elementor-column elementor-col-100 elementor-top-column elementor-element elementor-element-74b0246\" data-id=\"74b0246\" data-element_type=\"column\">\n\t\t\t<div class=\"elementor-widget-wrap elementor-element-populated\">\n\t\t\t\t\t\t<div class=\"elementor-element elementor-element-2ab00ad elementor-align-center elementor-icon-list--layout-traditional elementor-list-item-link-full_width elementor-widget elementor-widget-icon-list\" data-id=\"2ab00ad\" data-element_type=\"widget\" data-widget_type=\"icon-list.default\">\n\t\t\t\t<div class=\"elementor-widget-container\">\n\t\t\t\t\t\t\t<ul class=\"elementor-icon-list-items\">\n\t\t\t\t\t\t\t<li class=\"elementor-icon-list-item\">\n\t\t\t\t\t\t\t\t\t\t\t<span class=\"elementor-icon-list-icon\">\n\t\t\t\t\t\t\t<i aria-hidden=\"true\" class=\"fas fa-book-open\"><\/i>\t\t\t\t\t\t<\/span>\n\t\t\t\t\t\t\t\t\t\t<span class=\"elementor-icon-list-text\"><\/span>\n\t\t\t\t\t\t\t\t\t<\/li>\n\t\t\t\t\t\t<\/ul>\n\t\t\t\t\t\t<\/div>\n\t\t\t\t<\/div>\n\t\t\t\t\t<\/div>\n\t\t<\/div>\n\t\t\t\t\t<\/div>\n\t\t<\/section>\n\t\t\t\t<section class=\"wd-negative-gap elementor-section elementor-top-section elementor-element elementor-element-621bf9f9 elementor-section-boxed elementor-section-height-default elementor-section-height-default\" data-id=\"621bf9f9\" data-element_type=\"section\" data-settings=\"{&quot;background_background&quot;:&quot;classic&quot;}\">\n\t\t\t\t\t\t<div class=\"elementor-container elementor-column-gap-default\">\n\t\t\t\t\t<div class=\"elementor-column elementor-col-50 elementor-top-column elementor-element elementor-element-185681a0\" data-id=\"185681a0\" data-element_type=\"column\" data-settings=\"{&quot;background_background&quot;:&quot;classic&quot;}\">\n\t\t\t<div class=\"elementor-widget-wrap elementor-element-populated\">\n\t\t\t\t\t\t<div class=\"elementor-element elementor-element-3de16d67 elementor-widget elementor-widget-heading\" data-id=\"3de16d67\" data-element_type=\"widget\" data-widget_type=\"heading.default\">\n\t\t\t\t<div class=\"elementor-widget-container\">\n\t\t\t\t\t<h3 class=\"elementor-heading-title elementor-size-large\">ElementIran \u015firketi<\/h3>\t\t\t\t<\/div>\n\t\t\t\t<\/div>\n\t\t\t\t<div class=\"elementor-element elementor-element-2fc9cce elementor-widget__width-inherit elementor-widget-divider--view-line elementor-widget elementor-widget-divider\" data-id=\"2fc9cce\" data-element_type=\"widget\" data-widget_type=\"divider.default\">\n\t\t\t\t<div class=\"elementor-widget-container\">\n\t\t\t\t\t\t\t<div class=\"elementor-divider\">\n\t\t\t<span class=\"elementor-divider-separator\">\n\t\t\t\t\t\t<\/span>\n\t\t<\/div>\n\t\t\t\t\t\t<\/div>\n\t\t\t\t<\/div>\n\t\t\t\t<div class=\"elementor-element elementor-element-3f2b4ff5 color-scheme-inherit text-left elementor-widget elementor-widget-text-editor\" data-id=\"3f2b4ff5\" data-element_type=\"widget\" data-widget_type=\"text-editor.default\">\n\t\t\t\t<div class=\"elementor-widget-container\">\n\t\t\t\t\t\t\t\t\t<p>G\u00fcn\u00fcm\u00fczde yeni enerjiler t\u00fcm d\u00fcnyada h\u0131zla yay\u0131l\u0131yor, \u00f6yle ki bu enerjiler y\u00fcksek verimleri sayesinde bir\u00e7ok yerde fosil enerjinin bo\u015flu\u011funu doldurabiliyor. . yava\u015f<\/p><p>Prensipli planlama ve finansman, bilgi aktar\u0131m\u0131, kaliteli elektrikli \u0131s\u0131tma ekipmanlar\u0131 imalat\u0131, temiz enerji kullan\u0131m\u0131na uygun altyap\u0131n\u0131n olu\u015fturulmas\u0131 ile geli\u015fmeye \u00e7al\u0131\u015f\u0131yoruz.<\/p><p>Al-Ementiran Industrial Group, sosyal sorumluluk alan\u0131ndaki 40 y\u0131ll\u0131k deneyimine dayanarak, modern teknik bilgi ve y\u00f6ntemlere dayal\u0131, elektrikli yerden \u0131s\u0131tma sistemleri i\u00e7in uygun bir platform olu\u015fturmak amac\u0131yla Alinsazeh \u015eirketini kurdu. Bu grup, maliyetleri d\u00fc\u015f\u00fcrmek i\u00e7in tavsiye ve uygun ve uygun fiyatl\u0131 \u00e7\u00f6z\u00fcmler sunarak uygun hizmetleri sa\u011flamaya \u00e7al\u0131\u015f\u0131r.<\/p><p>\u015eu anda Sonajm markal\u0131 Elmentiran termal yatak \u00fcr\u00fcn\u00fc de bu koleksiyonun ev \u00fcr\u00fcnleri aras\u0131nda yer al\u0131yor. Bu \u00fcr\u00fcn, \u0130ran&#8217;\u0131n ulusal standard\u0131n\u0131 (6677897986) elde edebilen en y\u00fcksek g\u00fcvenlik fakt\u00f6r\u00fcne sahiptir.<\/p><p>Almantiran, \u00fcr\u00fcn ve hizmetlerini 50 ila 1850 santigrat derece aras\u0131ndaki t\u00fcm s\u0131cakl\u0131k aral\u0131klar\u0131nda sunmaya haz\u0131rd\u0131r.<\/p><p>Herhangi bir tutars\u0131zl\u0131k durumunda Almantiran, kendisini her zaman m\u00fc\u015fterilerine kar\u015f\u0131 sorumlu tutmay\u0131 y\u00fck\u00fcml\u00fc g\u00f6rmektedir.<\/p>\t\t\t\t\t\t\t\t<\/div>\n\t\t\t\t<\/div>\n\t\t\t\t\t<\/div>\n\t\t<\/div>\n\t\t\t\t<div class=\"elementor-column elementor-col-50 elementor-top-column elementor-element elementor-element-91ea792\" data-id=\"91ea792\" data-element_type=\"column\" data-settings=\"{&quot;background_background&quot;:&quot;classic&quot;}\">\n\t\t\t<div class=\"elementor-widget-wrap elementor-element-populated\">\n\t\t\t\t\t<div class=\"elementor-background-overlay\"><\/div>\n\t\t\t\t\t\t<div class=\"elementor-element elementor-element-df6278c elementor-widget__width-auto elementor-widget elementor-widget-image\" data-id=\"df6278c\" data-element_type=\"widget\" data-widget_type=\"image.default\">\n\t\t\t\t<div class=\"elementor-widget-container\">\n\t\t\t\t\t\t\t\t\t\t\t\t\t\t\t<img decoding=\"async\" width=\"150\" height=\"150\" src=\"https:\/\/elementiranco.com\/wp-content\/themes\/woodmart\/images\/lazy.png\" class=\"attachment-thumbnail size-thumbnail wp-image-2034 wd-lazy-load wd-lazy-blur\" alt=\"\" srcset=\"\" sizes=\"(max-width: 150px) 100vw, 150px\" data-wood-src=\"https:\/\/elementiranco.com\/wp-content\/uploads\/2023\/02\/32-150x150.jpg\" data-srcset=\"https:\/\/elementiranco.com\/wp-content\/uploads\/2023\/02\/32-150x150.jpg 150w, https:\/\/elementiranco.com\/wp-content\/uploads\/2023\/02\/32-300x300.jpg 300w, https:\/\/elementiranco.com\/wp-content\/uploads\/2023\/02\/32-20x20.jpg 20w, https:\/\/elementiranco.com\/wp-content\/uploads\/2023\/02\/32-30x30.jpg 30w, https:\/\/elementiranco.com\/wp-content\/uploads\/2023\/02\/32-40x40.jpg 40w\" \/>\t\t\t\t\t\t\t\t\t\t\t\t\t\t\t<\/div>\n\t\t\t\t<\/div>\n\t\t\t\t\t<\/div>\n\t\t<\/div>\n\t\t\t\t\t<\/div>\n\t\t<\/section>\n\t\t\t\t<\/div>\n\t\t","protected":false},"excerpt":{"rendered":"<p>ElementIran \u015firketi G\u00fcn\u00fcm\u00fczde yeni enerjiler t\u00fcm d\u00fcnyada h\u0131zla yay\u0131l\u0131yor, \u00f6yle ki bu enerjiler y\u00fcksek verimleri sayesinde bir\u00e7ok yerde fosil enerjinin<\/p>\n","protected":false},"author":1,"featured_media":0,"parent":0,"menu_order":0,"comment_status":"closed","ping_status":"closed","template":"","meta":{"footnotes":""},"yoast_head":"<!-- This site is optimized with the Yoast SEO Premium plugin v22.3 (Yoast SEO v24.1) - https:\/\/yoast.com\/wordpress\/plugins\/seo\/ -->\n<title>Hakk\u0131m\u0131zda | ElementIran \u015firketi<\/title>\n<meta name=\"robots\" content=\"index, follow, max-snippet:-1, max-image-preview:large, max-video-preview:-1\" \/>\n<link rel=\"canonical\" href=\"https:\/\/elementiranco.com\/tr\/about-elementiran\/\" \/>\n<script type=\"application\/ld+json\" class=\"yoast-schema-graph\">{\"@context\":\"https:\/\/schema.org\",\"@graph\":[{\"@type\":\"WebPage\",\"@id\":\"https:\/\/elementiranco.com\/tr\/about-elementiran\/\",\"url\":\"https:\/\/elementiranco.com\/tr\/about-elementiran\/\",\"name\":\"Hakk\u0131m\u0131zda | ElementIran \u015firketi\",\"isPartOf\":{\"@id\":\"https:\/\/elementiranco.com\/#website\"},\"primaryImageOfPage\":{\"@id\":\"https:\/\/elementiranco.com\/tr\/about-elementiran\/#primaryimage\"},\"image\":{\"@id\":\"https:\/\/elementiranco.com\/tr\/about-elementiran\/#primaryimage\"},\"thumbnailUrl\":\"https:\/\/elementiranco.com\/wp-content\/uploads\/2023\/02\/32-150x150.jpg\",\"datePublished\":\"2019-12-13T13:41:10+00:00\",\"dateModified\":\"2024-10-08T12:41:00+00:00\",\"breadcrumb\":{\"@id\":\"https:\/\/elementiranco.com\/tr\/about-elementiran\/#breadcrumb\"},\"inLanguage\":\"tr\",\"potentialAction\":[{\"@type\":\"ReadAction\",\"target\":[\"https:\/\/elementiranco.com\/tr\/about-elementiran\/\"]}]},{\"@type\":\"ImageObject\",\"inLanguage\":\"tr\",\"@id\":\"https:\/\/elementiranco.com\/tr\/about-elementiran\/#primaryimage\",\"url\":\"https:\/\/elementiranco.com\/wp-content\/uploads\/2023\/02\/32-150x150.jpg\",\"contentUrl\":\"https:\/\/elementiranco.com\/wp-content\/uploads\/2023\/02\/32-150x150.jpg\"},{\"@type\":\"BreadcrumbList\",\"@id\":\"https:\/\/elementiranco.com\/tr\/about-elementiran\/#breadcrumb\",\"itemListElement\":[{\"@type\":\"ListItem\",\"position\":1,\"name\":\"\u062e\u0627\u0646\u0647\",\"item\":\"https:\/\/elementiranco.com\/tr\/\"},{\"@type\":\"ListItem\",\"position\":2,\"name\":\"Hakk\u0131m\u0131zda\"}]},{\"@type\":\"WebSite\",\"@id\":\"https:\/\/elementiranco.com\/#website\",\"url\":\"https:\/\/elementiranco.com\/\",\"name\":\"ElementIran \u015firketi\",\"description\":\"\u0634\u0631\u06a9\u062a \u0627\u0644\u0645\u0646\u062a\u06cc\u0631\u0627\u0646 \u062a\u0648\u0644\u06cc\u062f \u06a9\u0646\u0646\u062f\u0647 \u0627\u0646\u0648\u0627\u0639 \u0645\u062d\u0635\u0648\u0644\u0627\u062a \u0635\u0646\u0639\u062a\u06cc \u0648 \u062a\u0634\u06a9 \u0647\u0627\u06cc \u062d\u0631\u0627\u0631\u062a\u06cc\",\"potentialAction\":[{\"@type\":\"SearchAction\",\"target\":{\"@type\":\"EntryPoint\",\"urlTemplate\":\"https:\/\/elementiranco.com\/?s={search_term_string}\"},\"query-input\":{\"@type\":\"PropertyValueSpecification\",\"valueRequired\":true,\"valueName\":\"search_term_string\"}}],\"inLanguage\":\"tr\"}]}<\/script>\n<!-- \/ Yoast SEO Premium plugin. -->","yoast_head_json":{"title":"Hakk\u0131m\u0131zda | ElementIran \u015firketi","robots":{"index":"index","follow":"follow","max-snippet":"max-snippet:-1","max-image-preview":"max-image-preview:large","max-video-preview":"max-video-preview:-1"},"canonical":"https:\/\/elementiranco.com\/tr\/about-elementiran\/","schema":{"@context":"https:\/\/schema.org","@graph":[{"@type":"WebPage","@id":"https:\/\/elementiranco.com\/tr\/about-elementiran\/","url":"https:\/\/elementiranco.com\/tr\/about-elementiran\/","name":"Hakk\u0131m\u0131zda | ElementIran \u015firketi","isPartOf":{"@id":"https:\/\/elementiranco.com\/#website"},"primaryImageOfPage":{"@id":"https:\/\/elementiranco.com\/tr\/about-elementiran\/#primaryimage"},"image":{"@id":"https:\/\/elementiranco.com\/tr\/about-elementiran\/#primaryimage"},"thumbnailUrl":"https:\/\/elementiranco.com\/wp-content\/uploads\/2023\/02\/32-150x150.jpg","datePublished":"2019-12-13T13:41:10+00:00","dateModified":"2024-10-08T12:41:00+00:00","breadcrumb":{"@id":"https:\/\/elementiranco.com\/tr\/about-elementiran\/#breadcrumb"},"inLanguage":"tr","potentialAction":[{"@type":"ReadAction","target":["https:\/\/elementiranco.com\/tr\/about-elementiran\/"]}]},{"@type":"ImageObject","inLanguage":"tr","@id":"https:\/\/elementiranco.com\/tr\/about-elementiran\/#primaryimage","url":"https:\/\/elementiranco.com\/wp-content\/uploads\/2023\/02\/32-150x150.jpg","contentUrl":"https:\/\/elementiranco.com\/wp-content\/uploads\/2023\/02\/32-150x150.jpg"},{"@type":"BreadcrumbList","@id":"https:\/\/elementiranco.com\/tr\/about-elementiran\/#breadcrumb","itemListElement":[{"@type":"ListItem","position":1,"name":"\u062e\u0627\u0646\u0647","item":"https:\/\/elementiranco.com\/tr\/"},{"@type":"ListItem","position":2,"name":"Hakk\u0131m\u0131zda"}]},{"@type":"WebSite","@id":"https:\/\/elementiranco.com\/#website","url":"https:\/\/elementiranco.com\/","name":"ElementIran \u015firketi","description":"\u0634\u0631\u06a9\u062a \u0627\u0644\u0645\u0646\u062a\u06cc\u0631\u0627\u0646 \u062a\u0648\u0644\u06cc\u062f \u06a9\u0646\u0646\u062f\u0647 \u0627\u0646\u0648\u0627\u0639 \u0645\u062d\u0635\u0648\u0644\u0627\u062a \u0635\u0646\u0639\u062a\u06cc \u0648 \u062a\u0634\u06a9 \u0647\u0627\u06cc \u062d\u0631\u0627\u0631\u062a\u06cc","potentialAction":[{"@type":"SearchAction","target":{"@type":"EntryPoint","urlTemplate":"https:\/\/elementiranco.com\/?s={search_term_string}"},"query-input":{"@type":"PropertyValueSpecification","valueRequired":true,"valueName":"search_term_string"}}],"inLanguage":"tr"}]}},"_links":{"self":[{"href":"https:\/\/elementiranco.com\/tr\/wp-json\/wp\/v2\/pages\/5316"}],"collection":[{"href":"https:\/\/elementiranco.com\/tr\/wp-json\/wp\/v2\/pages"}],"about":[{"href":"https:\/\/elementiranco.com\/tr\/wp-json\/wp\/v2\/types\/page"}],"author":[{"embeddable":true,"href":"https:\/\/elementiranco.com\/tr\/wp-json\/wp\/v2\/users\/1"}],"replies":[{"embeddable":true,"href":"https:\/\/elementiranco.com\/tr\/wp-json\/wp\/v2\/comments?post=5316"}],"version-history":[{"count":0,"href":"https:\/\/elementiranco.com\/tr\/wp-json\/wp\/v2\/pages\/5316\/revisions"}],"wp:attachment":[{"href":"https:\/\/elementiranco.com\/tr\/wp-json\/wp\/v2\/media?parent=5316"}],"curies":[{"name":"wp","href":"https:\/\/api.w.org\/{rel}","templated":true}]}}